{"id":611,"date":"2018-05-13T11:53:36","date_gmt":"2018-05-13T15:53:36","guid":{"rendered":"https:\/\/europe.bridgeportmachinetools.com\/?page_id=611"},"modified":"2023-10-11T12:45:35","modified_gmt":"2023-10-11T16:45:35","slug":"about-us","status":"publish","type":"page","link":"https:\/\/europe.bridgeportmachinetools.com\/fr\/about-us\/","title":{"rendered":"\u00c0 propos de nous"},"content":{"rendered":"","protected":false},"excerpt":{"rendered":"","protected":false},"author":1,"featured_media":0,"parent":0,"menu_order":81,"comment_status":"closed","ping_status":"closed","template":"","meta":{"_acf_changed":false,"footnotes":""},"class_list":["post-611","page","type-page","status-publish","hentry"],"acf":[],"yoast_head":"<!-- This site is optimized with the Yoast SEO plugin v27.2 - https:\/\/yoast.com\/product\/yoast-seo-wordpress\/ -->\n<title>About Us - Bridgeport - Europe<\/title>\n<meta name=\"description\" content=\"The Bridgeport Machine Tool Company, also commonly known as Bridgeport, is a renowned American manufacturer of milling machines, machining centers, and other machine tools. Its most iconic product was the Bridgeport Series I Milling machine, which became a staple in machine shops and manufacturing facilities across the United States and around the world.\" \/>\n<meta name=\"robots\" content=\"index, follow, max-snippet:-1, max-image-preview:large, max-video-preview:-1\" \/>\n<link rel=\"canonical\" href=\"https:\/\/europe.bridgeportmachinetools.com\/fr\/about-us\/\" \/>\n<meta property=\"og:locale\" content=\"en_US\" \/>\n<meta property=\"og:type\" content=\"article\" \/>\n<meta property=\"og:title\" content=\"About Us - Bridgeport - Europe\" \/>\n<meta property=\"og:description\" content=\"The Bridgeport Machine Tool Company, also commonly known as Bridgeport, is a renowned American manufacturer of milling machines, machining centers, and other machine tools. Its most iconic product was the Bridgeport Series I Milling machine, which became a staple in machine shops and manufacturing facilities across the United States and around the world.\" \/>\n<meta property=\"og:url\" content=\"https:\/\/europe.bridgeportmachinetools.com\/fr\/about-us\/\" \/>\n<meta property=\"og:site_name\" content=\"Bridgeport - Europe\" \/>\n<meta property=\"article:modified_time\" content=\"2023-10-11T16:45:35+00:00\" \/>\n<meta property=\"og:image\" content=\"https:\/\/europe.bridgeportmachinetools.com\/wp-content\/uploads\/sites\/10\/Bridgeport-logo-Yoast.jpg\" \/>\n\t<meta property=\"og:image:width\" content=\"1200\" \/>\n\t<meta property=\"og:image:height\" content=\"600\" \/>\n\t<meta property=\"og:image:type\" content=\"image\/jpeg\" \/>\n<meta name=\"twitter:card\" content=\"summary_large_image\" \/>\n<script type=\"application\/ld+json\" class=\"yoast-schema-graph\">{\"@context\":\"https:\/\/schema.org\",\"@graph\":[{\"@type\":\"WebPage\",\"@id\":\"https:\/\/europe.bridgeportmachinetools.com\/about-us\/\",\"url\":\"https:\/\/europe.bridgeportmachinetools.com\/about-us\/\",\"name\":\"About Us - Bridgeport - Europe\",\"isPartOf\":{\"@id\":\"https:\/\/europe.bridgeportmachinetools.com\/#website\"},\"datePublished\":\"2018-05-13T15:53:36+00:00\",\"dateModified\":\"2023-10-11T16:45:35+00:00\",\"description\":\"The Bridgeport Machine Tool Company, also commonly known as Bridgeport, is a renowned American manufacturer of milling machines, machining centers, and other machine tools. Its most iconic product was the Bridgeport Series I Milling machine, which became a staple in machine shops and manufacturing facilities across the United States and around the world.\",\"inLanguage\":\"en-US\",\"potentialAction\":[{\"@type\":\"ReadAction\",\"target\":[\"https:\/\/europe.bridgeportmachinetools.com\/about-us\/\"]}]},{\"@type\":\"WebSite\",\"@id\":\"https:\/\/europe.bridgeportmachinetools.com\/#website\",\"url\":\"https:\/\/europe.bridgeportmachinetools.com\/\",\"name\":\"Bridgeport Machine Tools\",\"description\":\"\",\"publisher\":{\"@id\":\"https:\/\/europe.bridgeportmachinetools.com\/#organization\"},\"potentialAction\":[{\"@type\":\"SearchAction\",\"target\":{\"@type\":\"EntryPoint\",\"urlTemplate\":\"https:\/\/europe.bridgeportmachinetools.com\/?s={search_term_string}\"},\"query-input\":{\"@type\":\"PropertyValueSpecification\",\"valueRequired\":true,\"valueName\":\"search_term_string\"}}],\"inLanguage\":\"en-US\"},{\"@type\":\"Organization\",\"@id\":\"https:\/\/europe.bridgeportmachinetools.com\/#organization\",\"name\":\"Bridgeport Machine Tools\",\"url\":\"https:\/\/europe.bridgeportmachinetools.com\/\",\"logo\":{\"@type\":\"ImageObject\",\"inLanguage\":\"en-US\",\"@id\":\"https:\/\/europe.bridgeportmachinetools.com\/#\/schema\/logo\/image\/\",\"url\":\"https:\/\/europe.bridgeportmachinetools.com\/wp-content\/uploads\/sites\/10\/Bridgeport-logo-Yoast.jpg\",\"contentUrl\":\"https:\/\/europe.bridgeportmachinetools.com\/wp-content\/uploads\/sites\/10\/Bridgeport-logo-Yoast.jpg\",\"width\":1200,\"height\":600,\"caption\":\"Bridgeport Machine Tools\"},\"image\":{\"@id\":\"https:\/\/europe.bridgeportmachinetools.com\/#\/schema\/logo\/image\/\"}}]}<\/script>\n<!-- \/ Yoast SEO plugin. -->","yoast_head_json":{"title":"About Us - Bridgeport - Europe","description":"La Bridgeport Machine Tool Company, \u00e9galement connue sous le nom de Bridgeport, \u00e9tait un fabricant am\u00e9ricain renomm\u00e9 de fraiseuses, de centres d'usinage et d'autres machines-outils. Son produit le plus embl\u00e9matique \u00e9tait la fraiseuse Bridgeport s\u00e9rie I, qui est devenue un incontournable dans les ateliers d'usinage et les installations de fabrication aux \u00c9tats-Unis et dans le monde.","robots":{"index":"index","follow":"follow","max-snippet":"max-snippet:-1","max-image-preview":"max-image-preview:large","max-video-preview":"max-video-preview:-1"},"canonical":"https:\/\/europe.bridgeportmachinetools.com\/fr\/about-us\/","og_locale":"en_US","og_type":"article","og_title":"About Us - Bridgeport - Europe","og_description":"The Bridgeport Machine Tool Company, also commonly known as Bridgeport, is a renowned American manufacturer of milling machines, machining centers, and other machine tools. Its most iconic product was the Bridgeport Series I Milling machine, which became a staple in machine shops and manufacturing facilities across the United States and around the world.","og_url":"https:\/\/europe.bridgeportmachinetools.com\/fr\/about-us\/","og_site_name":"Bridgeport - Europe","article_modified_time":"2023-10-11T16:45:35+00:00","og_image":[{"width":1200,"height":600,"url":"https:\/\/europe.bridgeportmachinetools.com\/wp-content\/uploads\/sites\/10\/Bridgeport-logo-Yoast.jpg","type":"image\/jpeg"}],"twitter_card":"summary_large_image","schema":{"@context":"https:\/\/schema.org","@graph":[{"@type":"WebPage","@id":"https:\/\/europe.bridgeportmachinetools.com\/about-us\/","url":"https:\/\/europe.bridgeportmachinetools.com\/about-us\/","name":"About Us - Bridgeport - Europe","isPartOf":{"@id":"https:\/\/europe.bridgeportmachinetools.com\/#website"},"datePublished":"2018-05-13T15:53:36+00:00","dateModified":"2023-10-11T16:45:35+00:00","description":"La Bridgeport Machine Tool Company, \u00e9galement connue sous le nom de Bridgeport, \u00e9tait un fabricant am\u00e9ricain renomm\u00e9 de fraiseuses, de centres d'usinage et d'autres machines-outils. Son produit le plus embl\u00e9matique \u00e9tait la fraiseuse Bridgeport s\u00e9rie I, qui est devenue un incontournable dans les ateliers d'usinage et les installations de fabrication aux \u00c9tats-Unis et dans le monde.","inLanguage":"en-US","potentialAction":[{"@type":"ReadAction","target":["https:\/\/europe.bridgeportmachinetools.com\/about-us\/"]}]},{"@type":"WebSite","@id":"https:\/\/europe.bridgeportmachinetools.com\/#website","url":"https:\/\/europe.bridgeportmachinetools.com\/","name":"Bridgeport Machine Tools","description":"","publisher":{"@id":"https:\/\/europe.bridgeportmachinetools.com\/#organization"},"potentialAction":[{"@type":"SearchAction","target":{"@type":"EntryPoint","urlTemplate":"https:\/\/europe.bridgeportmachinetools.com\/?s={search_term_string}"},"query-input":{"@type":"PropertyValueSpecification","valueRequired":true,"valueName":"search_term_string"}}],"inLanguage":"en-US"},{"@type":"Organization","@id":"https:\/\/europe.bridgeportmachinetools.com\/#organization","name":"Bridgeport Machine Tools","url":"https:\/\/europe.bridgeportmachinetools.com\/","logo":{"@type":"ImageObject","inLanguage":"en-US","@id":"https:\/\/europe.bridgeportmachinetools.com\/#\/schema\/logo\/image\/","url":"https:\/\/europe.bridgeportmachinetools.com\/wp-content\/uploads\/sites\/10\/Bridgeport-logo-Yoast.jpg","contentUrl":"https:\/\/europe.bridgeportmachinetools.com\/wp-content\/uploads\/sites\/10\/Bridgeport-logo-Yoast.jpg","width":1200,"height":600,"caption":"Bridgeport Machine Tools"},"image":{"@id":"https:\/\/europe.bridgeportmachinetools.com\/#\/schema\/logo\/image\/"}}]}},"_links":{"self":[{"href":"https:\/\/europe.bridgeportmachinetools.com\/fr\/wp-json\/wp\/v2\/pages\/611","targetHints":{"allow":["GET"]}}],"collection":[{"href":"https:\/\/europe.bridgeportmachinetools.com\/fr\/wp-json\/wp\/v2\/pages"}],"about":[{"href":"https:\/\/europe.bridgeportmachinetools.com\/fr\/wp-json\/wp\/v2\/types\/page"}],"author":[{"embeddable":true,"href":"https:\/\/europe.bridgeportmachinetools.com\/fr\/wp-json\/wp\/v2\/users\/1"}],"replies":[{"embeddable":true,"href":"https:\/\/europe.bridgeportmachinetools.com\/fr\/wp-json\/wp\/v2\/comments?post=611"}],"version-history":[{"count":0,"href":"https:\/\/europe.bridgeportmachinetools.com\/fr\/wp-json\/wp\/v2\/pages\/611\/revisions"}],"wp:attachment":[{"href":"https:\/\/europe.bridgeportmachinetools.com\/fr\/wp-json\/wp\/v2\/media?parent=611"}],"curies":[{"name":"wp","href":"https:\/\/api.w.org\/{rel}","templated":true}]}}